{"id":2353,"date":"2024-08-04T15:49:53","date_gmt":"2024-08-04T15:49:53","guid":{"rendered":"http:\/\/harenua.com\/mariages-elementor\/"},"modified":"2025-08-10T16:20:21","modified_gmt":"2025-08-10T16:20:21","slug":"mariages-ancestraux","status":"publish","type":"page","link":"https:\/\/harenua.com\/fr\/mariages-ancestraux\/","title":{"rendered":"Mariages Elementor"},"content":{"rendered":"\t\t<div data-elementor-type=\"wp-page\" data-elementor-id=\"2353\" class=\"elementor elementor-2353 elementor-1180\" data-elementor-post-type=\"page\">\n\t\t\t\t\t\t<section class=\"elementor-section elementor-top-section elementor-element elementor-element-14b6e06f elementor-section-full_width elementor-section-height-min-height elementor-section-height-default elementor-section-items-middle\" data-id=\"14b6e06f\" data-element_type=\"section\" data-e-type=\"section\" data-settings=\"{&quot;background_background&quot;:&quot;classic&quot;}\">\n\t\t\t\t\t\t\t<div class=\"elementor-background-overlay\"><\/div>\n\t\t\t\t\t\t\t<div class=\"elementor-container elementor-column-gap-default\">\n\t\t\t\t\t<div class=\"elementor-column elementor-col-100 elementor-top-column elementor-element elementor-element-33267994\" data-id=\"33267994\" data-element_type=\"column\" data-e-type=\"column\">\n\t\t\t<div class=\"elementor-widget-wrap elementor-element-populated\">\n\t\t\t\t\t\t<div class=\"elementor-element elementor-element-77756cc0 elementor-widget elementor-widget-spacer\" data-id=\"77756cc0\" data-element_type=\"widget\" data-e-type=\"widget\" data-widget_type=\"spacer.default\">\n\t\t\t\t<div class=\"elementor-widget-container\">\n\t\t\t\t\t\t\t<div class=\"elementor-spacer\">\n\t\t\t<div class=\"elementor-spacer-inner\"><\/div>\n\t\t<\/div>\n\t\t\t\t\t\t<\/div>\n\t\t\t\t<\/div>\n\t\t\t\t<div class=\"elementor-element elementor-element-55147116 elementor-widget elementor-widget-heading\" data-id=\"55147116\" data-element_type=\"widget\" data-e-type=\"widget\" data-widget_type=\"heading.default\">\n\t\t\t\t<div class=\"elementor-widget-container\">\n\t\t\t\t\t<p class=\"elementor-heading-title elementor-size-default\">FAITES DE CETTE JOURN\u00c9E UN MOMENT INOUBLIABLE<\/p>\t\t\t\t<\/div>\n\t\t\t\t<\/div>\n\t\t\t\t<div class=\"elementor-element elementor-element-11d7f480 elementor-widget__width-initial elementor-widget elementor-widget-heading\" data-id=\"11d7f480\" data-element_type=\"widget\" data-e-type=\"widget\" data-widget_type=\"heading.default\">\n\t\t\t\t<div class=\"elementor-widget-container\">\n\t\t\t\t\t<h1 class=\"elementor-heading-title elementor-size-default\">MARIAGES ANCESTRAUX<\/h1>\t\t\t\t<\/div>\n\t\t\t\t<\/div>\n\t\t\t\t\t<\/div>\n\t\t<\/div>\n\t\t\t\t\t<\/div>\n\t\t<\/section>\n\t\t\t\t<section class=\"elementor-section elementor-top-section elementor-element elementor-element-e5285a7 elementor-section-boxed elementor-section-height-default elementor-section-height-default\" data-id=\"e5285a7\" data-element_type=\"section\" data-e-type=\"section\" id=\"info_section\" data-settings=\"{&quot;background_background&quot;:&quot;classic&quot;}\">\n\t\t\t\t\t\t<div class=\"elementor-container elementor-column-gap-no\">\n\t\t\t\t\t<div class=\"elementor-column elementor-col-50 elementor-top-column elementor-element elementor-element-6c0b431f\" data-id=\"6c0b431f\" data-element_type=\"column\" data-e-type=\"column\">\n\t\t\t<div class=\"elementor-widget-wrap elementor-element-populated\">\n\t\t\t\t\t\t<div class=\"elementor-element elementor-element-e39bd4f elementor-widget elementor-widget-spacer\" data-id=\"e39bd4f\" data-element_type=\"widget\" data-e-type=\"widget\" data-widget_type=\"spacer.default\">\n\t\t\t\t<div class=\"elementor-widget-container\">\n\t\t\t\t\t\t\t<div class=\"elementor-spacer\">\n\t\t\t<div class=\"elementor-spacer-inner\"><\/div>\n\t\t<\/div>\n\t\t\t\t\t\t<\/div>\n\t\t\t\t<\/div>\n\t\t\t\t<div class=\"elementor-element elementor-element-62469df4 elementor-invisible elementor-widget elementor-widget-heading\" data-id=\"62469df4\" data-element_type=\"widget\" data-e-type=\"widget\" data-settings=\"{&quot;_animation&quot;:&quot;fadeInDown&quot;}\" data-widget_type=\"heading.default\">\n\t\t\t\t<div class=\"elementor-widget-container\">\n\t\t\t\t\t<h2 class=\"elementor-heading-title elementor-size-default\">VIVEZ LA JOURN\u00c9E DE VOS R\u00caVES<\/h2>\t\t\t\t<\/div>\n\t\t\t\t<\/div>\n\t\t\t\t<div class=\"elementor-element elementor-element-6610127b elementor-invisible elementor-widget elementor-widget-text-editor\" data-id=\"6610127b\" data-element_type=\"widget\" data-e-type=\"widget\" data-settings=\"{&quot;_animation&quot;:&quot;fadeInLeft&quot;}\" data-widget_type=\"text-editor.default\">\n\t\t\t\t<div class=\"elementor-widget-container\">\n\t\t\t\t\t\t\t\t\t<p class=\"w-text us_custom_188d7f6a\"><span class=\"w-text-h\"><span class=\"w-text-value\">Il s&rsquo;agit d&rsquo;un rite d&rsquo;union traditionnel au cours duquel le couple demande la b\u00e9n\u00e9diction des anc\u00eatres, qui vivent parmi nous, dans la mer, la terre et les plantes, en prenant soin de leur communaut\u00e9.\nIls sont les t\u00e9moins parfaits d&rsquo;une d\u00e9cision si particuli\u00e8re. <\/span><\/span><\/p>\n<p class=\"w-text us_custom_188d7f6a\"><span class=\"w-text-h\"><span class=\"w-text-value\">La c\u00e9l\u00e9bration a lieu avec un curanto symbolique, qui comprend du poulet blanc sacr\u00e9, qui repr\u00e9sente la fertilit\u00e9, l&rsquo;abondance et la prosp\u00e9rit\u00e9 pour l&rsquo;union.\nLe ma\u00eetre de c\u00e9r\u00e9monie initie le mariage, puis des chansons romantiques Rapa Nui sont jou\u00e9es et le rite UMU TAHU (curanto symbolique) est accompli, en partageant la nourriture. <br><br><\/span><\/span><\/p>\t\t\t\t\t\t\t\t<\/div>\n\t\t\t\t<\/div>\n\t\t\t\t<div class=\"elementor-element elementor-element-9a43e19 elementor-widget elementor-widget-button\" data-id=\"9a43e19\" data-element_type=\"widget\" data-e-type=\"widget\" data-widget_type=\"button.default\">\n\t\t\t\t<div class=\"elementor-widget-container\">\n\t\t\t\t\t\t\t\t\t<div class=\"elementor-button-wrapper\">\n\t\t\t\t\t<a class=\"elementor-button elementor-button-link elementor-size-sm\" href=\"http:\/\/harenua.com\/contacto\/\">\n\t\t\t\t\t\t<span class=\"elementor-button-content-wrapper\">\n\t\t\t\t\t\t\t\t\t<span class=\"elementor-button-text\">Contact<\/span>\n\t\t\t\t\t<\/span>\n\t\t\t\t\t<\/a>\n\t\t\t\t<\/div>\n\t\t\t\t\t\t\t\t<\/div>\n\t\t\t\t<\/div>\n\t\t\t\t\t<\/div>\n\t\t<\/div>\n\t\t\t\t<div class=\"elementor-column elementor-col-50 elementor-top-column elementor-element elementor-element-38df5d79\" data-id=\"38df5d79\" data-element_type=\"column\" data-e-type=\"column\">\n\t\t\t<div class=\"elementor-widget-wrap elementor-element-populated\">\n\t\t\t\t\t\t<div class=\"elementor-element elementor-element-7135c007 elementor-widget-tablet__width-initial elementor-widget-mobile__width-initial elementor-invisible elementor-widget elementor-widget-image\" data-id=\"7135c007\" data-element_type=\"widget\" data-e-type=\"widget\" data-settings=\"{&quot;_animation&quot;:&quot;fadeInRight&quot;}\" data-widget_type=\"image.default\">\n\t\t\t\t<div class=\"elementor-widget-container\">\n\t\t\t\t\t\t\t\t\t\t\t\t\t\t\t<img fetchpriority=\"high\" decoding=\"async\" width=\"1600\" height=\"2405\" src=\"https:\/\/harenua.com\/wp-content\/uploads\/2025\/08\/vive-el-dia-de-tus-suenos.webp\" class=\"attachment-full size-full wp-image-3835\" alt=\"\" srcset=\"https:\/\/harenua.com\/wp-content\/uploads\/2025\/08\/vive-el-dia-de-tus-suenos.webp 1600w, https:\/\/harenua.com\/wp-content\/uploads\/2025\/08\/vive-el-dia-de-tus-suenos-200x300.webp 200w, https:\/\/harenua.com\/wp-content\/uploads\/2025\/08\/vive-el-dia-de-tus-suenos-681x1024.webp 681w, https:\/\/harenua.com\/wp-content\/uploads\/2025\/08\/vive-el-dia-de-tus-suenos-600x902.webp 600w\" sizes=\"(max-width: 1600px) 100vw, 1600px\" \/>\t\t\t\t\t\t\t\t\t\t\t\t\t\t\t<\/div>\n\t\t\t\t<\/div>\n\t\t\t\t<div class=\"elementor-element elementor-element-49a1a2f3 elementor-widget__width-initial elementor-absolute elementor-widget elementor-widget-spacer\" data-id=\"49a1a2f3\" data-element_type=\"widget\" data-e-type=\"widget\" data-settings=\"{&quot;_position&quot;:&quot;absolute&quot;}\" data-widget_type=\"spacer.default\">\n\t\t\t\t<div class=\"elementor-widget-container\">\n\t\t\t\t\t\t\t<div class=\"elementor-spacer\">\n\t\t\t<div class=\"elementor-spacer-inner\"><\/div>\n\t\t<\/div>\n\t\t\t\t\t\t<\/div>\n\t\t\t\t<\/div>\n\t\t\t\t\t<\/div>\n\t\t<\/div>\n\t\t\t\t\t<\/div>\n\t\t<\/section>\n\t\t\t\t<section class=\"elementor-section elementor-top-section elementor-element elementor-element-631a3c20 elementor-section-boxed elementor-section-height-default elementor-section-height-default\" data-id=\"631a3c20\" data-element_type=\"section\" data-e-type=\"section\" data-settings=\"{&quot;background_background&quot;:&quot;gradient&quot;}\">\n\t\t\t\t\t\t<div class=\"elementor-container elementor-column-gap-default\">\n\t\t\t\t\t<div class=\"elementor-column elementor-col-100 elementor-top-column elementor-element elementor-element-6f0e8fec\" data-id=\"6f0e8fec\" data-element_type=\"column\" data-e-type=\"column\">\n\t\t\t<div class=\"elementor-widget-wrap elementor-element-populated\">\n\t\t\t\t\t\t<div class=\"elementor-element elementor-element-42f5b779 elementor-widget elementor-widget-heading\" data-id=\"42f5b779\" data-element_type=\"widget\" data-e-type=\"widget\" data-widget_type=\"heading.default\">\n\t\t\t\t<div class=\"elementor-widget-container\">\n\t\t\t\t\t<h2 class=\"elementor-heading-title elementor-size-default\">SOUVENIRS DE MARIAGE<\/h2>\t\t\t\t<\/div>\n\t\t\t\t<\/div>\n\t\t\t\t<div class=\"elementor-element elementor-element-9b6821b elementor-widget elementor-widget-gallery\" data-id=\"9b6821b\" data-element_type=\"widget\" data-e-type=\"widget\" data-settings=\"{&quot;gallery_layout&quot;:&quot;masonry&quot;,&quot;columns&quot;:3,&quot;gap&quot;:{&quot;unit&quot;:&quot;px&quot;,&quot;size&quot;:11,&quot;sizes&quot;:[]},&quot;lazyload&quot;:&quot;yes&quot;,&quot;columns_tablet&quot;:2,&quot;columns_mobile&quot;:1,&quot;gap_tablet&quot;:{&quot;unit&quot;:&quot;px&quot;,&quot;size&quot;:10,&quot;sizes&quot;:[]},&quot;gap_mobile&quot;:{&quot;unit&quot;:&quot;px&quot;,&quot;size&quot;:10,&quot;sizes&quot;:[]},&quot;link_to&quot;:&quot;file&quot;,&quot;overlay_background&quot;:&quot;yes&quot;,&quot;content_hover_animation&quot;:&quot;fade-in&quot;}\" data-widget_type=\"gallery.default\">\n\t\t\t\t<div class=\"elementor-widget-container\">\n\t\t\t\t\t\t\t<div class=\"elementor-gallery__container\">\n\t\t\t\t\t\t\t<a class=\"e-gallery-item elementor-gallery-item elementor-animated-content\" href=\"https:\/\/harenua.com\/wp-content\/uploads\/2025\/08\/recuerdo-7-matrimonio-ancestral.webp\" data-elementor-open-lightbox=\"yes\" data-elementor-lightbox-slideshow=\"9b6821b\" data-elementor-lightbox-title=\"recuerdo-7-matrimonio-ancestral\" data-e-action-hash=\"#elementor-action%3Aaction%3Dlightbox%26settings%3DeyJpZCI6MzgzMSwidXJsIjoiaHR0cHM6XC9cL2hhcmVudWEuY29tXC93cC1jb250ZW50XC91cGxvYWRzXC8yMDI1XC8wOFwvcmVjdWVyZG8tNy1tYXRyaW1vbmlvLWFuY2VzdHJhbC53ZWJwIiwic2xpZGVzaG93IjoiOWI2ODIxYiJ9\">\n\t\t\t\t\t<div class=\"e-gallery-image elementor-gallery-item__image\" data-thumbnail=\"https:\/\/harenua.com\/wp-content\/uploads\/2025\/08\/recuerdo-7-matrimonio-ancestral.webp\" data-width=\"1440\" data-height=\"2560\" aria-label=\"\" role=\"img\" ><\/div>\n\t\t\t\t\t\t\t\t\t\t\t<div class=\"elementor-gallery-item__overlay\"><\/div>\n\t\t\t\t\t\t\t\t\t\t\t\t\t\t<\/a>\n\t\t\t\t\t\t\t<a class=\"e-gallery-item elementor-gallery-item elementor-animated-content\" href=\"https:\/\/harenua.com\/wp-content\/uploads\/2025\/08\/vive-el-dia-de-tus-suenos.webp\" data-elementor-open-lightbox=\"yes\" data-elementor-lightbox-slideshow=\"9b6821b\" data-elementor-lightbox-title=\"vive-el-dia-de-tus-suen\u0303os\" data-e-action-hash=\"#elementor-action%3Aaction%3Dlightbox%26settings%3DeyJpZCI6MzgzNCwidXJsIjoiaHR0cHM6XC9cL2hhcmVudWEuY29tXC93cC1jb250ZW50XC91cGxvYWRzXC8yMDI1XC8wOFwvdml2ZS1lbC1kaWEtZGUtdHVzLXN1ZW5vcy53ZWJwIiwic2xpZGVzaG93IjoiOWI2ODIxYiJ9\">\n\t\t\t\t\t<div class=\"e-gallery-image elementor-gallery-item__image\" data-thumbnail=\"https:\/\/harenua.com\/wp-content\/uploads\/2025\/08\/vive-el-dia-de-tus-suenos.webp\" data-width=\"1600\" data-height=\"2405\" aria-label=\"\" role=\"img\" ><\/div>\n\t\t\t\t\t\t\t\t\t\t\t<div class=\"elementor-gallery-item__overlay\"><\/div>\n\t\t\t\t\t\t\t\t\t\t\t\t\t\t<\/a>\n\t\t\t\t\t\t\t<a class=\"e-gallery-item elementor-gallery-item elementor-animated-content\" href=\"https:\/\/harenua.com\/wp-content\/uploads\/2025\/08\/recuerdo-1-matrimonio-ancestral.webp\" data-elementor-open-lightbox=\"yes\" data-elementor-lightbox-slideshow=\"9b6821b\" data-elementor-lightbox-title=\"recuerdo-1-matrimonio-ancestral\" data-e-action-hash=\"#elementor-action%3Aaction%3Dlightbox%26settings%3DeyJpZCI6MzgxMywidXJsIjoiaHR0cHM6XC9cL2hhcmVudWEuY29tXC93cC1jb250ZW50XC91cGxvYWRzXC8yMDI1XC8wOFwvcmVjdWVyZG8tMS1tYXRyaW1vbmlvLWFuY2VzdHJhbC53ZWJwIiwic2xpZGVzaG93IjoiOWI2ODIxYiJ9\">\n\t\t\t\t\t<div class=\"e-gallery-image elementor-gallery-item__image\" data-thumbnail=\"https:\/\/harenua.com\/wp-content\/uploads\/2025\/08\/recuerdo-1-matrimonio-ancestral.webp\" data-width=\"1240\" data-height=\"750\" aria-label=\"\" role=\"img\" ><\/div>\n\t\t\t\t\t\t\t\t\t\t\t<div class=\"elementor-gallery-item__overlay\"><\/div>\n\t\t\t\t\t\t\t\t\t\t\t\t\t\t<\/a>\n\t\t\t\t\t\t\t<a class=\"e-gallery-item elementor-gallery-item elementor-animated-content\" href=\"https:\/\/harenua.com\/wp-content\/uploads\/2025\/08\/recuerdo-3-matrimonio-ancestral.webp\" data-elementor-open-lightbox=\"yes\" data-elementor-lightbox-slideshow=\"9b6821b\" data-elementor-lightbox-title=\"recuerdo-3-matrimonio-ancestral\" data-e-action-hash=\"#elementor-action%3Aaction%3Dlightbox%26settings%3DeyJpZCI6MzgxOSwidXJsIjoiaHR0cHM6XC9cL2hhcmVudWEuY29tXC93cC1jb250ZW50XC91cGxvYWRzXC8yMDI1XC8wOFwvcmVjdWVyZG8tMy1tYXRyaW1vbmlvLWFuY2VzdHJhbC53ZWJwIiwic2xpZGVzaG93IjoiOWI2ODIxYiJ9\">\n\t\t\t\t\t<div class=\"e-gallery-image elementor-gallery-item__image\" data-thumbnail=\"https:\/\/harenua.com\/wp-content\/uploads\/2025\/08\/recuerdo-3-matrimonio-ancestral.webp\" data-width=\"1600\" data-height=\"1068\" aria-label=\"\" role=\"img\" ><\/div>\n\t\t\t\t\t\t\t\t\t\t\t<div class=\"elementor-gallery-item__overlay\"><\/div>\n\t\t\t\t\t\t\t\t\t\t\t\t\t\t<\/a>\n\t\t\t\t\t\t\t<a class=\"e-gallery-item elementor-gallery-item elementor-animated-content\" href=\"https:\/\/harenua.com\/wp-content\/uploads\/2025\/08\/recuerdo-2-matrimonio-ancestral.webp\" data-elementor-open-lightbox=\"yes\" data-elementor-lightbox-slideshow=\"9b6821b\" data-elementor-lightbox-title=\"recuerdo-2-matrimonio-ancestral\" data-e-action-hash=\"#elementor-action%3Aaction%3Dlightbox%26settings%3DeyJpZCI6MzgxNiwidXJsIjoiaHR0cHM6XC9cL2hhcmVudWEuY29tXC93cC1jb250ZW50XC91cGxvYWRzXC8yMDI1XC8wOFwvcmVjdWVyZG8tMi1tYXRyaW1vbmlvLWFuY2VzdHJhbC53ZWJwIiwic2xpZGVzaG93IjoiOWI2ODIxYiJ9\">\n\t\t\t\t\t<div class=\"e-gallery-image elementor-gallery-item__image\" data-thumbnail=\"https:\/\/harenua.com\/wp-content\/uploads\/2025\/08\/recuerdo-2-matrimonio-ancestral.webp\" data-width=\"1200\" data-height=\"675\" aria-label=\"\" role=\"img\" ><\/div>\n\t\t\t\t\t\t\t\t\t\t\t<div class=\"elementor-gallery-item__overlay\"><\/div>\n\t\t\t\t\t\t\t\t\t\t\t\t\t\t<\/a>\n\t\t\t\t\t\t\t<a class=\"e-gallery-item elementor-gallery-item elementor-animated-content\" href=\"https:\/\/harenua.com\/wp-content\/uploads\/2025\/08\/recuerdos-9-matrimoniso-ancestrales.webp\" data-elementor-open-lightbox=\"yes\" data-elementor-lightbox-slideshow=\"9b6821b\" data-elementor-lightbox-title=\"recuerdos-9-matrimoniso-ancestrales\" data-e-action-hash=\"#elementor-action%3Aaction%3Dlightbox%26settings%3DeyJpZCI6Mzg1NSwidXJsIjoiaHR0cHM6XC9cL2hhcmVudWEuY29tXC93cC1jb250ZW50XC91cGxvYWRzXC8yMDI1XC8wOFwvcmVjdWVyZG9zLTktbWF0cmltb25pc28tYW5jZXN0cmFsZXMud2VicCIsInNsaWRlc2hvdyI6IjliNjgyMWIifQ%3D%3D\">\n\t\t\t\t\t<div class=\"e-gallery-image elementor-gallery-item__image\" data-thumbnail=\"https:\/\/harenua.com\/wp-content\/uploads\/2025\/08\/recuerdos-9-matrimoniso-ancestrales.webp\" data-width=\"1600\" data-height=\"1068\" aria-label=\"\" role=\"img\" ><\/div>\n\t\t\t\t\t\t\t\t\t\t\t<div class=\"elementor-gallery-item__overlay\"><\/div>\n\t\t\t\t\t\t\t\t\t\t\t\t\t\t<\/a>\n\t\t\t\t\t\t\t<a class=\"e-gallery-item elementor-gallery-item elementor-animated-content\" href=\"https:\/\/harenua.com\/wp-content\/uploads\/2025\/08\/banner-matrimonios-ancestrales.webp\" data-elementor-open-lightbox=\"yes\" data-elementor-lightbox-slideshow=\"9b6821b\" data-elementor-lightbox-title=\"banner-matrimonios-ancestrales\" data-e-action-hash=\"#elementor-action%3Aaction%3Dlightbox%26settings%3DeyJpZCI6MzgxMCwidXJsIjoiaHR0cHM6XC9cL2hhcmVudWEuY29tXC93cC1jb250ZW50XC91cGxvYWRzXC8yMDI1XC8wOFwvYmFubmVyLW1hdHJpbW9uaW9zLWFuY2VzdHJhbGVzLndlYnAiLCJzbGlkZXNob3ciOiI5YjY4MjFiIn0%3D\">\n\t\t\t\t\t<div class=\"e-gallery-image elementor-gallery-item__image\" data-thumbnail=\"https:\/\/harenua.com\/wp-content\/uploads\/2025\/08\/banner-matrimonios-ancestrales.webp\" data-width=\"1600\" data-height=\"1068\" aria-label=\"\" role=\"img\" ><\/div>\n\t\t\t\t\t\t\t\t\t\t\t<div class=\"elementor-gallery-item__overlay\"><\/div>\n\t\t\t\t\t\t\t\t\t\t\t\t\t\t<\/a>\n\t\t\t\t\t\t\t<a class=\"e-gallery-item elementor-gallery-item elementor-animated-content\" href=\"https:\/\/harenua.com\/wp-content\/uploads\/2025\/08\/recuerdo-4-matrimonio-ancestral.webp\" data-elementor-open-lightbox=\"yes\" data-elementor-lightbox-slideshow=\"9b6821b\" data-elementor-lightbox-title=\"recuerdo-4-matrimonio-ancestral\" data-e-action-hash=\"#elementor-action%3Aaction%3Dlightbox%26settings%3DeyJpZCI6MzgyMiwidXJsIjoiaHR0cHM6XC9cL2hhcmVudWEuY29tXC93cC1jb250ZW50XC91cGxvYWRzXC8yMDI1XC8wOFwvcmVjdWVyZG8tNC1tYXRyaW1vbmlvLWFuY2VzdHJhbC53ZWJwIiwic2xpZGVzaG93IjoiOWI2ODIxYiJ9\">\n\t\t\t\t\t<div class=\"e-gallery-image elementor-gallery-item__image\" data-thumbnail=\"https:\/\/harenua.com\/wp-content\/uploads\/2025\/08\/recuerdo-4-matrimonio-ancestral.webp\" data-width=\"1439\" data-height=\"2560\" aria-label=\"\" role=\"img\" ><\/div>\n\t\t\t\t\t\t\t\t\t\t\t<div class=\"elementor-gallery-item__overlay\"><\/div>\n\t\t\t\t\t\t\t\t\t\t\t\t\t\t<\/a>\n\t\t\t\t\t\t\t<a class=\"e-gallery-item elementor-gallery-item elementor-animated-content\" href=\"https:\/\/harenua.com\/wp-content\/uploads\/2025\/08\/recuerdo-5-matrimonio-ancestral.webp\" data-elementor-open-lightbox=\"yes\" data-elementor-lightbox-slideshow=\"9b6821b\" data-elementor-lightbox-title=\"recuerdo-5-matrimonio-ancestral\" data-e-action-hash=\"#elementor-action%3Aaction%3Dlightbox%26settings%3DeyJpZCI6MzgyNSwidXJsIjoiaHR0cHM6XC9cL2hhcmVudWEuY29tXC93cC1jb250ZW50XC91cGxvYWRzXC8yMDI1XC8wOFwvcmVjdWVyZG8tNS1tYXRyaW1vbmlvLWFuY2VzdHJhbC53ZWJwIiwic2xpZGVzaG93IjoiOWI2ODIxYiJ9\">\n\t\t\t\t\t<div class=\"e-gallery-image elementor-gallery-item__image\" data-thumbnail=\"https:\/\/harenua.com\/wp-content\/uploads\/2025\/08\/recuerdo-5-matrimonio-ancestral.webp\" data-width=\"1600\" data-height=\"900\" aria-label=\"\" role=\"img\" ><\/div>\n\t\t\t\t\t\t\t\t\t\t\t<div class=\"elementor-gallery-item__overlay\"><\/div>\n\t\t\t\t\t\t\t\t\t\t\t\t\t\t<\/a>\n\t\t\t\t\t\t\t<a class=\"e-gallery-item elementor-gallery-item elementor-animated-content\" href=\"https:\/\/harenua.com\/wp-content\/uploads\/2025\/08\/recuerdo-6-matrimonio-ancestral.webp\" data-elementor-open-lightbox=\"yes\" data-elementor-lightbox-slideshow=\"9b6821b\" data-elementor-lightbox-title=\"recuerdo-6-matrimonio-ancestral\" data-e-action-hash=\"#elementor-action%3Aaction%3Dlightbox%26settings%3DeyJpZCI6MzgyOCwidXJsIjoiaHR0cHM6XC9cL2hhcmVudWEuY29tXC93cC1jb250ZW50XC91cGxvYWRzXC8yMDI1XC8wOFwvcmVjdWVyZG8tNi1tYXRyaW1vbmlvLWFuY2VzdHJhbC53ZWJwIiwic2xpZGVzaG93IjoiOWI2ODIxYiJ9\">\n\t\t\t\t\t<div class=\"e-gallery-image elementor-gallery-item__image\" data-thumbnail=\"https:\/\/harenua.com\/wp-content\/uploads\/2025\/08\/recuerdo-6-matrimonio-ancestral.webp\" data-width=\"2000\" data-height=\"1143\" aria-label=\"\" role=\"img\" ><\/div>\n\t\t\t\t\t\t\t\t\t\t\t<div class=\"elementor-gallery-item__overlay\"><\/div>\n\t\t\t\t\t\t\t\t\t\t\t\t\t\t<\/a>\n\t\t\t\t\t<\/div>\n\t\t\t\t\t<\/div>\n\t\t\t\t<\/div>\n\t\t\t\t\t<\/div>\n\t\t<\/div>\n\t\t\t\t\t<\/div>\n\t\t<\/section>\n\t\t\t\t<\/div>\n\t\t","protected":false},"excerpt":{"rendered":"<p>FAITES DE CETTE JOURN\u00c9E UN MOMENT INOUBLIABLE MARIAGES ANCESTRAUX VIVEZ LA JOURN\u00c9E DE VOS R\u00caVES Il s&rsquo;agit d&rsquo;un rite d&rsquo;union [&hellip;]<\/p>\n","protected":false},"author":1,"featured_media":0,"parent":0,"menu_order":0,"comment_status":"closed","ping_status":"closed","template":"elementor_header_footer","meta":{"site-sidebar-layout":"default","site-content-layout":"","ast-site-content-layout":"default","site-content-style":"default","site-sidebar-style":"default","ast-global-header-display":"","ast-banner-title-visibility":"","ast-main-header-display":"","ast-hfb-above-header-display":"","ast-hfb-below-header-display":"","ast-hfb-mobile-header-display":"","site-post-title":"","ast-breadcrumbs-content":"","ast-featured-img":"","footer-sml-layout":"","ast-disable-related-posts":"","theme-transparent-header-meta":"","adv-header-id-meta":"","stick-header-meta":"","header-above-stick-meta":"","header-main-stick-meta":"","header-below-stick-meta":"","astra-migrate-meta-layouts":"default","ast-page-background-enabled":"default","ast-page-background-meta":{"desktop":{"background-color":"var(--ast-global-color-5)","background-image":"","background-repeat":"repeat","background-position":"center center","background-size":"auto","background-attachment":"scroll","background-type":"","background-media":"","overlay-type":"","overlay-color":"","overlay-opacity":"","overlay-gradient":""},"tablet":{"background-color":"","background-image":"","background-repeat":"repeat","background-position":"center center","background-size":"auto","background-attachment":"scroll","background-type":"","background-media":"","overlay-type":"","overlay-color":"","overlay-opacity":"","overlay-gradient":""},"mobile":{"background-color":"","background-image":"","background-repeat":"repeat","background-position":"center center","background-size":"auto","background-attachment":"scroll","background-type":"","background-media":"","overlay-type":"","overlay-color":"","overlay-opacity":"","overlay-gradient":""}},"ast-content-background-meta":{"desktop":{"background-color":"var(--ast-global-color-4)","background-image":"","background-repeat":"repeat","background-position":"center center","background-size":"auto","background-attachment":"scroll","background-type":"","background-media":"","overlay-type":"","overlay-color":"","overlay-opacity":"","overlay-gradient":""},"tablet":{"background-color":"var(--ast-global-color-4)","background-image":"","background-repeat":"repeat","background-position":"center center","background-size":"auto","background-attachment":"scroll","background-type":"","background-media":"","overlay-type":"","overlay-color":"","overlay-opacity":"","overlay-gradient":""},"mobile":{"background-color":"var(--ast-global-color-4)","background-image":"","background-repeat":"repeat","background-position":"center center","background-size":"auto","background-attachment":"scroll","background-type":"","background-media":"","overlay-type":"","overlay-color":"","overlay-opacity":"","overlay-gradient":""}},"_joinchat":[],"footnotes":""},"class_list":["post-2353","page","type-page","status-publish","hentry"],"_links":{"self":[{"href":"https:\/\/harenua.com\/fr\/wp-json\/wp\/v2\/pages\/2353","targetHints":{"allow":["GET"]}}],"collection":[{"href":"https:\/\/harenua.com\/fr\/wp-json\/wp\/v2\/pages"}],"about":[{"href":"https:\/\/harenua.com\/fr\/wp-json\/wp\/v2\/types\/page"}],"author":[{"embeddable":true,"href":"https:\/\/harenua.com\/fr\/wp-json\/wp\/v2\/users\/1"}],"replies":[{"embeddable":true,"href":"https:\/\/harenua.com\/fr\/wp-json\/wp\/v2\/comments?post=2353"}],"version-history":[{"count":19,"href":"https:\/\/harenua.com\/fr\/wp-json\/wp\/v2\/pages\/2353\/revisions"}],"predecessor-version":[{"id":3862,"href":"https:\/\/harenua.com\/fr\/wp-json\/wp\/v2\/pages\/2353\/revisions\/3862"}],"wp:attachment":[{"href":"https:\/\/harenua.com\/fr\/wp-json\/wp\/v2\/media?parent=2353"}],"curies":[{"name":"wp","href":"https:\/\/api.w.org\/{rel}","templated":true}]}}